{"id":247,"date":"2024-05-30T01:48:41","date_gmt":"2024-05-30T01:48:41","guid":{"rendered":"https:\/\/www.revopoint.cz\/?page_id=247"},"modified":"2025-01-21T11:16:35","modified_gmt":"2025-01-21T11:16:35","slug":"prodejci","status":"publish","type":"page","link":"https:\/\/www.revopoint.cz\/?page_id=247","title":{"rendered":"Prodejci"},"content":{"rendered":"<p>[et_pb_section fb_built=&#8220;1&#8243; _builder_version=&#8220;4.25.1&#8243; _module_preset=&#8220;default&#8220; background_enable_color=&#8220;off&#8220; background_image=&#8220;http:\/\/www.revopoint.cz\/wp-content\/uploads\/2024\/05\/1187_2x_de6551a7-ddf2-41c8-9a3f-7e6cd5f23616-1.webp&#8220; height=&#8220;500px&#8220; height_tablet=&#8220;410px&#8220; height_phone=&#8220;410px&#8220; height_last_edited=&#8220;on|phone&#8220; background_last_edited=&#8220;off|desktop&#8220; background_image_tablet=&#8220;http:\/\/www.elegoo.cz\/wp-content\/uploads\/2023\/09\/reward-1634898795369-4.jpg&#8220; background_image_phone=&#8220;http:\/\/www.elegoo.cz\/wp-content\/uploads\/2023\/09\/reward-1634898795369-4.jpg&#8220; background_enable_image_tablet=&#8220;on&#8220; background_enable_image_phone=&#8220;on&#8220; background_position_tablet=&#8220;center&#8220; global_colors_info=&#8220;{}&#8220;][\/et_pb_section][et_pb_section fb_built=&#8220;1&#8243; _builder_version=&#8220;4.16&#8243; _module_preset=&#8220;default&#8220; custom_padding=&#8220;13px||0px|||&#8220; global_colors_info=&#8220;{}&#8220;][et_pb_row _builder_version=&#8220;4.22.1&#8243; _module_preset=&#8220;_initial&#8220; width_tablet=&#8220;90%&#8220; width_phone=&#8220;90%&#8220; min_height=&#8220;100px&#8220; custom_padding=&#8220;21px||14px|||&#8220; global_colors_info=&#8220;{}&#8220;][et_pb_column type=&#8220;4_4&#8243; _builder_version=&#8220;4.16&#8243; _module_preset=&#8220;default&#8220; global_colors_info=&#8220;{}&#8220;][et_pb_text _builder_version=&#8220;4.25.1&#8243; _module_preset=&#8220;_initial&#8220; custom_margin=&#8220;||-5px|||&#8220; custom_padding=&#8220;5px|||||&#8220; global_colors_info=&#8220;{}&#8220;]<\/p>\n<h2 style=\"text-align: center;\"><strong>Kvalitn\u00ed 3D skenery a p\u0159\u00edslu\u0161enstv\u00ed Revopoint koup\u00edte u t\u011bchto prodejc\u016f<\/strong><strong style=\"font-size: 20px;\">:<\/strong><\/h2>\n<p><strong><\/strong><\/p>\n<p>[\/et_pb_text][\/et_pb_column][\/et_pb_row][et_pb_row column_structure=&#8220;1_3,1_3,1_3&#8243; _builder_version=&#8220;4.22.1&#8243; _module_preset=&#8220;_initial&#8220; width_tablet=&#8220;90%&#8220; width_phone=&#8220;90%&#8220; min_height=&#8220;100px&#8220; custom_padding=&#8220;21px|||||&#8220; global_colors_info=&#8220;{}&#8220;][et_pb_column type=&#8220;1_3&#8243; _builder_version=&#8220;4.16&#8243; _module_preset=&#8220;default&#8220; global_colors_info=&#8220;{}&#8220;][\/et_pb_column][et_pb_column type=&#8220;1_3&#8243; _builder_version=&#8220;4.16&#8243; _module_preset=&#8220;default&#8220; global_colors_info=&#8220;{}&#8220;][et_pb_image src=&#8220;http:\/\/www.revopoint.cz\/wp-content\/uploads\/2024\/05\/blank-2.png&#8220; url=&#8220;https:\/\/www.sunnysoft.cz\/vyrobce\/revopoint?qn=revopoint&#8220; url_new_window=&#8220;on&#8220; align=&#8220;center&#8220; _builder_version=&#8220;4.27.4&#8243; _module_preset=&#8220;default&#8220; background_image=&#8220;http:\/\/www.revopoint.cz\/wp-content\/uploads\/2025\/01\/Navrh-bez-nazvu-4.png&#8220; max_width=&#8220;310px&#8220; hover_enabled=&#8220;0&#8243; custom_css_main_element=&#8220;background-size: 90%;||transition: all 0.3s ease;&#8220; global_colors_info=&#8220;{}&#8220; custom_css_main_element__hover_enabled=&#8220;on|hover&#8220; custom_css_main_element__hover=&#8220;background-size: 100%;||&#8220; title_text=&#8220;N\u00e1vrh bez n\u00e1zvu (4)&#8220; sticky_enabled=&#8220;0&#8243;][\/et_pb_image][\/et_pb_column][et_pb_column type=&#8220;1_3&#8243; _builder_version=&#8220;4.16&#8243; _module_preset=&#8220;default&#8220; global_colors_info=&#8220;{}&#8220;][et_pb_image src=&#8220;http:\/\/www.revopoint.cz\/wp-content\/uploads\/2024\/05\/blank-2.png&#8220; url=&#8220;https:\/\/www.nay.sk\/&#8220; url_new_window=&#8220;on&#8220; align=&#8220;center&#8220; _builder_version=&#8220;4.27.4&#8243; _module_preset=&#8220;default&#8220; background_image=&#8220;http:\/\/www.revopoint.cz\/wp-content\/uploads\/2025\/01\/13.png&#8220; max_width=&#8220;310px&#8220; hover_enabled=&#8220;0&#8243; custom_css_main_element=&#8220;background-size: 90%;||transition: all 0.3s ease;&#8220; global_colors_info=&#8220;{}&#8220; custom_css_main_element__hover_enabled=&#8220;on|hover&#8220; custom_css_main_element__hover=&#8220;background-size: 100%;||&#8220; title_text=&#8220;13&#8243; sticky_enabled=&#8220;0&#8243;][\/et_pb_image][\/et_pb_column][\/et_pb_row][\/et_pb_section]<\/p>\n","protected":false},"excerpt":{"rendered":"<p>Kvalitn\u00ed 3D skenery a p\u0159\u00edslu\u0161enstv\u00ed Revopoint koup\u00edte u t\u011bchto prodejc\u016f:<\/p>\n","protected":false},"author":2,"featured_media":0,"parent":0,"menu_order":0,"comment_status":"closed","ping_status":"closed","template":"","meta":{"_et_pb_use_builder":"on","_et_pb_old_content":"","_et_gb_content_width":"","footnotes":""},"_links":{"self":[{"href":"https:\/\/www.revopoint.cz\/index.php?rest_route=\/wp\/v2\/pages\/247"}],"collection":[{"href":"https:\/\/www.revopoint.cz\/index.php?rest_route=\/wp\/v2\/pages"}],"about":[{"href":"https:\/\/www.revopoint.cz\/index.php?rest_route=\/wp\/v2\/types\/page"}],"author":[{"embeddable":true,"href":"https:\/\/www.revopoint.cz\/index.php?rest_route=\/wp\/v2\/users\/2"}],"replies":[{"embeddable":true,"href":"https:\/\/www.revopoint.cz\/index.php?rest_route=%2Fwp%2Fv2%2Fcomments&post=247"}],"version-history":[{"count":5,"href":"https:\/\/www.revopoint.cz\/index.php?rest_route=\/wp\/v2\/pages\/247\/revisions"}],"predecessor-version":[{"id":374,"href":"https:\/\/www.revopoint.cz\/index.php?rest_route=\/wp\/v2\/pages\/247\/revisions\/374"}],"wp:attachment":[{"href":"https:\/\/www.revopoint.cz\/index.php?rest_route=%2Fwp%2Fv2%2Fmedia&parent=247"}],"curies":[{"name":"wp","href":"https:\/\/api.w.org\/{rel}","templated":true}]}}