{"id":237,"date":"2024-05-30T01:45:34","date_gmt":"2024-05-30T01:45:34","guid":{"rendered":"https:\/\/www.revopoint.cz\/?page_id=237"},"modified":"2024-05-30T01:45:59","modified_gmt":"2024-05-30T01:45:59","slug":"distributor-cr-sr","status":"publish","type":"page","link":"https:\/\/www.revopoint.cz\/?page_id=237","title":{"rendered":"Distributor \u010cR\/SR"},"content":{"rendered":"<p>[et_pb_section fb_built=&#8220;1&#8243; _builder_version=&#8220;4.25.1&#8243; _module_preset=&#8220;default&#8220; background_enable_color=&#8220;off&#8220; background_image=&#8220;http:\/\/www.revopoint.cz\/wp-content\/uploads\/2024\/05\/Frame-27.png&#8220; height=&#8220;500px&#8220; height_tablet=&#8220;410px&#8220; height_phone=&#8220;220px&#8220; height_last_edited=&#8220;on|desktop&#8220; hover_enabled=&#8220;0&#8243; background_last_edited=&#8220;off|desktop&#8220; background_image_tablet=&#8220;http:\/\/www.elegoo.cz\/wp-content\/uploads\/2023\/09\/reward-1634898795369-4.jpg&#8220; background_image_phone=&#8220;http:\/\/www.elegoo.cz\/wp-content\/uploads\/2023\/09\/reward-1634898795369-4.jpg&#8220; background_enable_image_tablet=&#8220;on&#8220; background_enable_image_phone=&#8220;on&#8220; background_position_tablet=&#8220;center&#8220; global_colors_info=&#8220;{}&#8220; theme_builder_area=&#8220;post_content&#8220; title_text=&#8220;Frame 27&#8243; sticky_enabled=&#8220;0&#8243;][\/et_pb_section][et_pb_section fb_built=&#8220;1&#8243; custom_padding_last_edited=&#8220;on|phone&#8220; _builder_version=&#8220;4.16&#8243; _module_preset=&#8220;default&#8220; min_height=&#8220;576px&#8220; custom_padding=&#8220;28px|||||&#8220; custom_padding_tablet=&#8220;&#8220; custom_padding_phone=&#8220;0px||||false|false&#8220; global_colors_info=&#8220;{}&#8220; theme_builder_area=&#8220;post_content&#8220;][et_pb_row column_structure=&#8220;1_2,1_2&#8243; custom_padding_last_edited=&#8220;on|phone&#8220; _builder_version=&#8220;4.16&#8243; _module_preset=&#8220;_initial&#8220; width_tablet=&#8220;90%&#8220; width_phone=&#8220;95%&#8220; module_alignment=&#8220;center&#8220; custom_margin_tablet=&#8220;&#8220; custom_margin_phone=&#8220;&#8220; custom_margin_last_edited=&#8220;on|phone&#8220; custom_padding_tablet=&#8220;&#8220; custom_padding_phone=&#8220;15px||||false|false&#8220; global_colors_info=&#8220;{}&#8220; theme_builder_area=&#8220;post_content&#8220;][et_pb_column type=&#8220;1_2&#8243; _builder_version=&#8220;4.16&#8243; _module_preset=&#8220;default&#8220; global_colors_info=&#8220;{}&#8220; theme_builder_area=&#8220;post_content&#8220;][et_pb_text _builder_version=&#8220;4.22.1&#8243; _module_preset=&#8220;_initial&#8220; text_text_color=&#8220;#607e9e&#8220; header_text_color=&#8220;#607e9e&#8220; header_2_text_color=&#8220;#607e9e&#8220; header_2_font_size=&#8220;18px&#8220; header_2_line_height=&#8220;1.3em&#8220; header_3_line_height=&#8220;1.3em&#8220; global_colors_info=&#8220;{}&#8220; theme_builder_area=&#8220;post_content&#8220;]<\/p>\n<p style=\"text-align: center;\"><iframe loading=\"lazy\" src=\"https:\/\/www.google.com\/maps\/embed?pb=!1m14!1m8!1m3!1d1279.4256582803885!2d14.483877472552306!3d50.10778990217229!3m2!1i1024!2i768!4f13.1!3m3!1m2!1s0x470becad91a738cb%3A0x60d662c5c3e8fc6d!2s1a%2C%20Kovaneck%C3%A1%202390%2C%20190%2000%20Praha%209-Libe%C5%88!5e0!3m2!1scs!2scz!4v1585041519315!5m2!1scs!2scz\" width=\"600\" height=\"450\" frameborder=\"0\" style=\"border: 0;\" allowfullscreen=\"\" aria-hidden=\"false\" tabindex=\"0\"><\/iframe><\/p>\n<p>[\/et_pb_text][\/et_pb_column][et_pb_column type=&#8220;1_2&#8243; _builder_version=&#8220;4.16&#8243; _module_preset=&#8220;default&#8220; global_colors_info=&#8220;{}&#8220; theme_builder_area=&#8220;post_content&#8220;][et_pb_blurb icon_color=&#8220;#000000&#8243; icon_placement=&#8220;left&#8220; header_line_height=&#8220;1.3em&#8220; body_font=&#8220;|600|||||||&#8220; body_text_color=&#8220;#0C71C3&#8243; body_font_size=&#8220;18px&#8220; use_icon=&#8220;on&#8220; font_icon=&#8220;&#xe01d;||divi||400&#8243; _builder_version=&#8220;4.22.1&#8243; _module_preset=&#8220;_initial&#8220; global_colors_info=&#8220;{}&#8220; theme_builder_area=&#8220;post_content&#8220;]<\/p>\n<h1><strong>Sunnysoft s.r.o.<\/strong><\/h1>\n<p>Kovaneck\u00e1 2390\/1a<br \/>190 00 Praha 9<\/p>\n<p>[\/et_pb_blurb][et_pb_blurb icon_color=&#8220;#000000&#8243; icon_placement=&#8220;left&#8220; header_line_height=&#8220;1.3em&#8220; body_font=&#8220;||||||||&#8220; body_text_color=&#8220;#0C71C3&#8243; body_font_size=&#8220;24px&#8220; title=&#8220;Obchodn\u00ed a marketingov\u00e1 spolupr\u00e1ce&#8220; use_icon=&#8220;on&#8220; font_icon=&#8220;&#xe010;||divi||400&#8243; _builder_version=&#8220;4.22.1&#8243; _module_preset=&#8220;_initial&#8220; header_font_size=&#8220;16px&#8220; header_font_size_tablet=&#8220;16px&#8220; header_font_size_phone=&#8220;14px&#8220; header_font_size_last_edited=&#8220;on|phone&#8220; body_font_size_tablet=&#8220;24px&#8220; body_font_size_phone=&#8220;22px&#8220; body_font_size_last_edited=&#8220;on|phone&#8220; global_colors_info=&#8220;{}&#8220; theme_builder_area=&#8220;post_content&#8220;]<\/p>\n<p>velkoobchod@sunnysoft.cz<\/p>\n<p>[\/et_pb_blurb][et_pb_blurb icon_color=&#8220;#000000&#8243; icon_placement=&#8220;left&#8220; header_line_height=&#8220;1.3em&#8220; body_font=&#8220;||||||||&#8220; body_text_color=&#8220;#0C71C3&#8243; body_font_size=&#8220;24px&#8220; title=&#8220;Reklamace:&#8220; use_icon=&#8220;on&#8220; font_icon=&#8220;&#xe010;||divi||400&#8243; _builder_version=&#8220;4.22.1&#8243; _module_preset=&#8220;_initial&#8220; header_font_size=&#8220;16px&#8220; header_font_size_tablet=&#8220;16px&#8220; header_font_size_phone=&#8220;14px&#8220; header_font_size_last_edited=&#8220;on|phone&#8220; body_font_size_tablet=&#8220;24px&#8220; body_font_size_phone=&#8220;22px&#8220; body_font_size_last_edited=&#8220;on|phone&#8220; global_colors_info=&#8220;{}&#8220; theme_builder_area=&#8220;post_content&#8220;]<\/p>\n<p>RMA@sunnysoft.cz<\/p>\n<p>[\/et_pb_blurb][et_pb_blurb icon_color=&#8220;#000000&#8243; icon_placement=&#8220;left&#8220; header_line_height=&#8220;1.3em&#8220; body_font=&#8220;||||||||&#8220; body_text_color=&#8220;#000000&#8243; body_font_size=&#8220;16px&#8220; use_icon=&#8220;on&#8220; font_icon=&#8220;&#x70;||divi||400&#8243; _builder_version=&#8220;4.22.1&#8243; _module_preset=&#8220;_initial&#8220; global_colors_info=&#8220;{}&#8220; theme_builder_area=&#8220;post_content&#8220;]<\/p>\n<p>I\u010c:\u00a025753215<br \/>DI\u010c: CZ25753215<\/p>\n<p>Bankovn\u00ed spojen\u00ed:\u00a0193951442 \/ 0300<\/p>\n<p>Spole\u010dnost je zapsan\u00e1 v obchodn\u00edm rejst\u0159\u00edku veden\u00e9m M\u011bstsk\u00fdm soudem v Praze, odd\u00edl C, vlo\u017eka 67120.<\/p>\n<p>[\/et_pb_blurb][\/et_pb_column][\/et_pb_row][et_pb_row _builder_version=&#8220;4.16&#8243; _module_preset=&#8220;_initial&#8220; width_tablet=&#8220;90%&#8220; width_phone=&#8220;90%&#8220; global_colors_info=&#8220;{}&#8220; theme_builder_area=&#8220;post_content&#8220;][et_pb_column type=&#8220;4_4&#8243; _builder_version=&#8220;4.16&#8243; _module_preset=&#8220;default&#8220; global_colors_info=&#8220;{}&#8220; theme_builder_area=&#8220;post_content&#8220;][et_pb_contact_form email=&#8220;podpora@sunnysoft.cz&#8220; title=&#8220;Revopoint &#8211; Dotazy k produkt\u016fm&#8220; _builder_version=&#8220;4.22.1&#8243; _module_preset=&#8220;default&#8220; _unique_id=&#8220;e71d3677-03cf-4200-8770-1b40921c5e77&#8243; form_field_text_color=&#8220;#000000&#8243; title_font_size=&#8220;24px&#8220; custom_button=&#8220;on&#8220; button_text_color=&#8220;#000000&#8243; global_colors_info=&#8220;{}&#8220; theme_builder_area=&#8220;post_content&#8220;][et_pb_contact_field field_id=&#8220;Jmeno&#8220; field_title=&#8220;Jm\u00e9no&#8220; _builder_version=&#8220;4.18.0&#8243; _module_preset=&#8220;default&#8220; global_colors_info=&#8220;{}&#8220; theme_builder_area=&#8220;post_content&#8220;][\/et_pb_contact_field][et_pb_contact_field field_id=&#8220;emailova_adresa&#8220; field_title=&#8220;E-mailov\u00e1 adresa&#8220; _builder_version=&#8220;4.18.0&#8243; _module_preset=&#8220;default&#8220; global_colors_info=&#8220;{}&#8220; theme_builder_area=&#8220;post_content&#8220;][\/et_pb_contact_field][et_pb_contact_field field_id=&#8220;Message&#8220; field_title=&#8220;Zpr\u00e1va&#8220; field_type=&#8220;text&#8220; fullwidth_field=&#8220;on&#8220; _builder_version=&#8220;4.18.0&#8243; _module_preset=&#8220;default&#8220; global_colors_info=&#8220;{}&#8220; button_text_size__hover_enabled=&#8220;off&#8220; button_one_text_size__hover_enabled=&#8220;off&#8220; button_two_text_size__hover_enabled=&#8220;off&#8220; button_text_color__hover_enabled=&#8220;off&#8220; button_one_text_color__hover_enabled=&#8220;off&#8220; button_two_text_color__hover_enabled=&#8220;off&#8220; button_border_width__hover_enabled=&#8220;off&#8220; button_one_border_width__hover_enabled=&#8220;off&#8220; button_two_border_width__hover_enabled=&#8220;off&#8220; button_border_color__hover_enabled=&#8220;off&#8220; button_one_border_color__hover_enabled=&#8220;off&#8220; button_two_border_color__hover_enabled=&#8220;off&#8220; button_border_radius__hover_enabled=&#8220;off&#8220; button_one_border_radius__hover_enabled=&#8220;off&#8220; button_two_border_radius__hover_enabled=&#8220;off&#8220; button_letter_spacing__hover_enabled=&#8220;off&#8220; button_one_letter_spacing__hover_enabled=&#8220;off&#8220; button_two_letter_spacing__hover_enabled=&#8220;off&#8220; button_bg_color__hover_enabled=&#8220;off&#8220; button_one_bg_color__hover_enabled=&#8220;off&#8220; button_two_bg_color__hover_enabled=&#8220;off&#8220; theme_builder_area=&#8220;post_content&#8220;][\/et_pb_contact_field][\/et_pb_contact_form][et_pb_text _builder_version=&#8220;4.17.3&#8243; _module_preset=&#8220;_initial&#8220; global_colors_info=&#8220;{}&#8220; theme_builder_area=&#8220;post_content&#8220;]<\/p>\n<p style=\"text-align: right;\"><a href=\"https:\/\/www.xgimicz.cz\/zasady-cookies-eu\/\">Z\u00e1sady osobn\u00ed ochrany<\/a><\/p>\n<p>[\/et_pb_text][\/et_pb_column][\/et_pb_row][\/et_pb_section]<\/p>\n","protected":false},"excerpt":{"rendered":"<p>Sunnysoft s.r.o. Kovaneck\u00e1 2390\/1a190 00 Praha 9velkoobchod@sunnysoft.czRMA@sunnysoft.czI\u010c:\u00a025753215DI\u010c: CZ25753215 Bankovn\u00ed spojen\u00ed:\u00a0193951442 \/ 0300 Spole\u010dnost je zapsan\u00e1 v obchodn\u00edm rejst\u0159\u00edku veden\u00e9m M\u011bstsk\u00fdm soudem v Praze, odd\u00edl C, vlo\u017eka 67120.Z\u00e1sady osobn\u00ed ochrany<\/p>\n","protected":false},"author":2,"featured_media":0,"parent":0,"menu_order":0,"comment_status":"closed","ping_status":"closed","template":"","meta":{"_et_pb_use_builder":"on","_et_pb_old_content":"","_et_gb_content_width":"","footnotes":""},"_links":{"self":[{"href":"https:\/\/www.revopoint.cz\/index.php?rest_route=\/wp\/v2\/pages\/237"}],"collection":[{"href":"https:\/\/www.revopoint.cz\/index.php?rest_route=\/wp\/v2\/pages"}],"about":[{"href":"https:\/\/www.revopoint.cz\/index.php?rest_route=\/wp\/v2\/types\/page"}],"author":[{"embeddable":true,"href":"https:\/\/www.revopoint.cz\/index.php?rest_route=\/wp\/v2\/users\/2"}],"replies":[{"embeddable":true,"href":"https:\/\/www.revopoint.cz\/index.php?rest_route=%2Fwp%2Fv2%2Fcomments&post=237"}],"version-history":[{"count":3,"href":"https:\/\/www.revopoint.cz\/index.php?rest_route=\/wp\/v2\/pages\/237\/revisions"}],"predecessor-version":[{"id":245,"href":"https:\/\/www.revopoint.cz\/index.php?rest_route=\/wp\/v2\/pages\/237\/revisions\/245"}],"wp:attachment":[{"href":"https:\/\/www.revopoint.cz\/index.php?rest_route=%2Fwp%2Fv2%2Fmedia&parent=237"}],"curies":[{"name":"wp","href":"https:\/\/api.w.org\/{rel}","templated":true}]}}