{"id":2,"date":"2024-05-17T17:29:52","date_gmt":"2024-05-17T17:29:52","guid":{"rendered":"http:\/\/localhost\/wordpress\/?page_id=2"},"modified":"2024-06-02T01:19:05","modified_gmt":"2024-06-02T01:19:05","slug":"hp","status":"publish","type":"page","link":"https:\/\/www.revopoint.cz\/","title":{"rendered":"HP"},"content":{"rendered":"<p>[et_pb_section fb_built=&#8220;1&#8243; _builder_version=&#8220;4.17.6&#8243; _module_preset=&#8220;default&#8220; custom_padding=&#8220;0px||0px|||&#8220; global_colors_info=&#8220;{}&#8220;][et_pb_row _builder_version=&#8220;4.16&#8243; _module_preset=&#8220;a431a657-df03-4d84-b3c5-15a8a0581cc5&#8243; width=&#8220;100%&#8220; width_tablet=&#8220;100%&#8220; width_phone=&#8220;100%&#8220; max_width=&#8220;1920px&#8220; custom_padding=&#8220;0px||0px|||&#8220; global_colors_info=&#8220;{}&#8220;][et_pb_column type=&#8220;4_4&#8243; _builder_version=&#8220;4.16&#8243; _module_preset=&#8220;default&#8220; global_colors_info=&#8220;{}&#8220;][et_pb_slider _builder_version=&#8220;4.19.2&#8243; _module_preset=&#8220;default&#8220; body_line_height=&#8220;1.3em&#8220; background_size=&#8220;contain&#8220; custom_button=&#8220;on&#8220; button_text_color=&#8220;#ffffff&#8220; min_height=&#8220;550px&#8220; height=&#8220;800px&#8220; height_tablet=&#8220;300px&#8220; height_phone=&#8220;&#8220; height_last_edited=&#8220;on|tablet&#8220; custom_padding=&#8220;||3px|||&#8220; animation_style=&#8220;fade&#8220; auto=&#8220;on&#8220; auto_speed=&#8220;4000&#8243; global_colors_info=&#8220;{}&#8220;][et_pb_slide url_new_window=&#8220;on&#8220; _builder_version=&#8220;4.19.2&#8243; _module_preset=&#8220;default&#8220; header_level=&#8220;h1&#8243; header_font=&#8220;|600|||||||&#8220; header_font_size=&#8220;60px&#8220; body_font_size=&#8220;60px&#8220; body_line_height=&#8220;1em&#8220; background_enable_color=&#8220;off&#8220; background_image=&#8220;http:\/\/www.revopoint.cz\/wp-content\/uploads\/2024\/05\/1920_POP_3_1-3.png&#8220; background_enable_image=&#8220;on&#8220; link_option_url_new_window=&#8220;on&#8220; body_font_size_tablet=&#8220;50px&#8220; body_font_size_phone=&#8220;40px&#8220; body_font_size_last_edited=&#8220;on|desktop&#8220; background_last_edited=&#8220;on|phone&#8220; background_image_phone=&#8220;http:\/\/www.revopoint.cz\/wp-content\/uploads\/2024\/05\/mobile_9.png&#8220; background_enable_image_phone=&#8220;on&#8220; global_colors_info=&#8220;{}&#8220; sticky_transition=&#8220;on&#8220;][\/et_pb_slide][et_pb_slide _builder_version=&#8220;4.19.2&#8243; _module_preset=&#8220;default&#8220; header_level=&#8220;h1&#8243; header_font=&#8220;|600|||||||&#8220; header_font_size=&#8220;60px&#8220; body_font_size=&#8220;60px&#8220; body_line_height=&#8220;1em&#8220; background_enable_color=&#8220;off&#8220; background_image=&#8220;http:\/\/www.revopoint.cz\/wp-content\/uploads\/2024\/05\/1920-RANGE_2_2_75af4abe-3993-4884-bd21-6fad6b86e1f2.png&#8220; background_enable_image=&#8220;on&#8220; body_font_size_tablet=&#8220;50px&#8220; body_font_size_phone=&#8220;40px&#8220; body_font_size_last_edited=&#8220;on|desktop&#8220; background_last_edited=&#8220;on|phone&#8220; background_image_phone=&#8220;http:\/\/www.revopoint.cz\/wp-content\/uploads\/2024\/05\/mobile_6-1.png&#8220; background_enable_image_phone=&#8220;on&#8220; global_colors_info=&#8220;{}&#8220; sticky_transition=&#8220;on&#8220;][\/et_pb_slide][et_pb_slide _builder_version=&#8220;4.19.2&#8243; _module_preset=&#8220;default&#8220; header_level=&#8220;h1&#8243; header_font=&#8220;|600|||||||&#8220; header_font_size=&#8220;60px&#8220; body_font_size=&#8220;60px&#8220; body_line_height=&#8220;1em&#8220; background_enable_color=&#8220;off&#8220; background_image=&#8220;http:\/\/www.revopoint.cz\/wp-content\/uploads\/2024\/05\/BOB_MIRACO_2.png&#8220; background_enable_image=&#8220;on&#8220; body_font_size_tablet=&#8220;50px&#8220; body_font_size_phone=&#8220;40px&#8220; body_font_size_last_edited=&#8220;on|desktop&#8220; background_last_edited=&#8220;on|phone&#8220; background_image_phone=&#8220;http:\/\/www.revopoint.cz\/wp-content\/uploads\/2024\/05\/BOB_mobile_2.png&#8220; background_enable_image_phone=&#8220;on&#8220; global_colors_info=&#8220;{}&#8220; sticky_transition=&#8220;on&#8220;][\/et_pb_slide][et_pb_slide _builder_version=&#8220;4.19.2&#8243; _module_preset=&#8220;default&#8220; header_level=&#8220;h1&#8243; header_font=&#8220;|600|||||||&#8220; header_font_size=&#8220;60px&#8220; body_font_size=&#8220;60px&#8220; body_line_height=&#8220;1em&#8220; background_enable_color=&#8220;off&#8220; background_image=&#8220;http:\/\/www.revopoint.cz\/wp-content\/uploads\/2024\/05\/lQDPKH2dOMv4eqHNAyDNB4CwIG2k6MRh3EoF5xQoanMKAA_1920_800.png&#8220; background_enable_image=&#8220;on&#8220; body_font_size_tablet=&#8220;50px&#8220; body_font_size_phone=&#8220;40px&#8220; body_font_size_last_edited=&#8220;on|desktop&#8220; background_last_edited=&#8220;on|phone&#8220; background_image_phone=&#8220;http:\/\/www.revopoint.cz\/wp-content\/uploads\/2024\/05\/lQDPJwt0DzQtiqHNBkDNBLCwWYAqUa8FnUUF5xQoa3G9AA_1200_1600.png&#8220; background_enable_image_phone=&#8220;on&#8220; global_colors_info=&#8220;{}&#8220; sticky_transition=&#8220;on&#8220;][\/et_pb_slide][\/et_pb_slider][\/et_pb_column][\/et_pb_row][\/et_pb_section][et_pb_section fb_built=&#8220;1&#8243; _builder_version=&#8220;4.16&#8243; _module_preset=&#8220;default&#8220; custom_padding=&#8220;40px|||||&#8220; global_colors_info=&#8220;{}&#8220;][et_pb_row _builder_version=&#8220;4.17.3&#8243; _module_preset=&#8220;_initial&#8220; width_tablet=&#8220;90%&#8220; width_phone=&#8220;90%&#8220; custom_padding=&#8220;||32px|||&#8220; global_colors_info=&#8220;{}&#8220;][et_pb_column type=&#8220;4_4&#8243; _builder_version=&#8220;4.17.3&#8243; _module_preset=&#8220;default&#8220; global_colors_info=&#8220;{}&#8220;][et_pb_text _builder_version=&#8220;4.25.1&#8243; _module_preset=&#8220;_initial&#8220; header_text_color=&#8220;#242424&#8243; header_font_size=&#8220;32px&#8220; header_3_line_height=&#8220;1.3em&#8220; header_font_size_tablet=&#8220;32px&#8220; header_font_size_phone=&#8220;24px&#8220; header_font_size_last_edited=&#8220;on|phone&#8220; global_colors_info=&#8220;{}&#8220;]<\/p>\n<div class=\"b b-text cf\">\n<div class=\"b-c b-text-c b-s b-s-t60 b-s-b60 cf\">\n<div class=\"b b-text cf\">\n<div class=\"b-c b-text-c b-s b-s-t60 b-s-b60 cf\">\n<h1 style=\"text-align: center;\"><strong>3D Skenery pro ka\u017edou situaci<\/strong><\/h1>\n<\/div>\n<\/div>\n<\/div>\n<\/div>\n<p>[\/et_pb_text][\/et_pb_column][\/et_pb_row][et_pb_row column_structure=&#8220;1_3,1_3,1_3&#8243; _builder_version=&#8220;4.19.2&#8243; _module_preset=&#8220;_initial&#8220; width_tablet=&#8220;90%&#8220; width_phone=&#8220;90%&#8220; custom_padding=&#8220;0px||||false|false&#8220; global_colors_info=&#8220;{}&#8220;][et_pb_column type=&#8220;1_3&#8243; _builder_version=&#8220;4.16&#8243; _module_preset=&#8220;default&#8220; global_colors_info=&#8220;{}&#8220;][et_pb_image src=&#8220;http:\/\/www.revopoint.cz\/wp-content\/uploads\/2024\/05\/miraco-3d-skener.webp&#8220; title_text=&#8220;miraco 3d skener&#8220; url=&#8220;@ET-DC@eyJkeW5hbWljIjp0cnVlLCJjb250ZW50IjoicG9zdF9saW5rX3VybF9wYWdlIiwic2V0dGluZ3MiOnsicG9zdF9pZCI6Ijg0In19@&#8220; disabled_on=&#8220;off|off|off&#8220; _builder_version=&#8220;4.25.1&#8243; _dynamic_attributes=&#8220;url&#8220; _module_preset=&#8220;default&#8220; background_image=&#8220;http:\/\/www.revopoint.cz\/wp-content\/uploads\/2024\/05\/Specs-2-1.png&#8220; background_size=&#8220;contain&#8220; custom_margin=&#8220;||-2px|||&#8220; custom_padding=&#8220;||14px|||&#8220; custom_css_main_element=&#8220;background-size: 200%;||transition: all 0.3s ease;&#8220; global_colors_info=&#8220;{}&#8220; custom_css_main_element__hover_enabled=&#8220;on|hover&#8220; custom_css_main_element__hover=&#8220;background-size: 210%;||&#8220; src__hover_enabled=&#8220;off|hover&#8220; transform_styles__hover_enabled=&#8220;on|hover&#8220; transform_scale__hover_enabled=&#8220;on|hover&#8220; transform_translate__hover_enabled=&#8220;on|hover&#8220; transform_rotate__hover_enabled=&#8220;on|hover&#8220; transform_skew__hover_enabled=&#8220;on|hover&#8220; transform_origin__hover_enabled=&#8220;on|hover&#8220; transform_scale__hover=&#8220;105%|105%&#8220;][\/et_pb_image][et_pb_text _builder_version=&#8220;4.25.1&#8243; _dynamic_attributes=&#8220;link_option_url&#8220; _module_preset=&#8220;_initial&#8220; header_text_color=&#8220;#242424&#8243; header_font_size=&#8220;24px&#8220; header_3_line_height=&#8220;1.3em&#8220; link_option_url=&#8220;@ET-DC@eyJkeW5hbWljIjp0cnVlLCJjb250ZW50IjoicG9zdF9saW5rX3VybF9wYWdlIiwic2V0dGluZ3MiOnsicG9zdF9pZCI6Ijg0In19@&#8220; header_font_size_tablet=&#8220;24px&#8220; header_font_size_phone=&#8220;18px&#8220; header_font_size_last_edited=&#8220;on|phone&#8220; global_colors_info=&#8220;{}&#8220;]<\/p>\n<h1 style=\"text-align: center;\">MIRACO\/MIRACO PRO 3D Skener<\/h1>\n<p>[\/et_pb_text][\/et_pb_column][et_pb_column type=&#8220;1_3&#8243; _builder_version=&#8220;4.16&#8243; _module_preset=&#8220;default&#8220; global_colors_info=&#8220;{}&#8220;][et_pb_image src=&#8220;http:\/\/www.revopoint.cz\/wp-content\/uploads\/2024\/05\/POP-3.webp&#8220; title_text=&#8220;POP 3&#8243; url=&#8220;@ET-DC@eyJkeW5hbWljIjp0cnVlLCJjb250ZW50IjoicG9zdF9saW5rX3VybF9wYWdlIiwic2V0dGluZ3MiOnsicG9zdF9pZCI6IjE5NSJ9fQ==@&#8220; disabled_on=&#8220;off|off|off&#8220; _builder_version=&#8220;4.25.1&#8243; _dynamic_attributes=&#8220;url&#8220; _module_preset=&#8220;default&#8220; background_image=&#8220;http:\/\/www.revopoint.cz\/wp-content\/uploads\/2024\/05\/Specs-2-1.png&#8220; background_size=&#8220;contain&#8220; custom_margin=&#8220;||-2px|||&#8220; custom_padding=&#8220;||14px|||&#8220; custom_css_main_element=&#8220;background-size: 200%;||transition: all 0.3s ease;&#8220; global_colors_info=&#8220;{}&#8220; custom_css_main_element__hover_enabled=&#8220;on|hover&#8220; custom_css_main_element__hover=&#8220;background-size: 210%;||&#8220; src__hover_enabled=&#8220;off|hover&#8220; transform_styles__hover_enabled=&#8220;on|hover&#8220; transform_scale__hover_enabled=&#8220;on|hover&#8220; transform_translate__hover_enabled=&#8220;on|hover&#8220; transform_rotate__hover_enabled=&#8220;on|hover&#8220; transform_skew__hover_enabled=&#8220;on|hover&#8220; transform_origin__hover_enabled=&#8220;on|hover&#8220; transform_scale__hover=&#8220;105%|105%&#8220;][\/et_pb_image][et_pb_text _builder_version=&#8220;4.25.1&#8243; _dynamic_attributes=&#8220;link_option_url&#8220; _module_preset=&#8220;_initial&#8220; header_text_color=&#8220;#242424&#8243; header_font_size=&#8220;24px&#8220; header_3_line_height=&#8220;1.3em&#8220; link_option_url=&#8220;@ET-DC@eyJkeW5hbWljIjp0cnVlLCJjb250ZW50IjoicG9zdF9saW5rX3VybF9wYWdlIiwic2V0dGluZ3MiOnsicG9zdF9pZCI6IjE5NSJ9fQ==@&#8220; header_font_size_tablet=&#8220;24px&#8220; header_font_size_phone=&#8220;18px&#8220; header_font_size_last_edited=&#8220;on|phone&#8220; global_colors_info=&#8220;{}&#8220;]<\/p>\n<h1 style=\"text-align: center;\">POP 3 ru\u010dn\u00ed 3D skener<\/h1>\n<p>[\/et_pb_text][\/et_pb_column][et_pb_column type=&#8220;1_3&#8243; _builder_version=&#8220;4.18.0&#8243; _module_preset=&#8220;default&#8220; global_colors_info=&#8220;{}&#8220;][et_pb_image src=&#8220;http:\/\/www.revopoint.cz\/wp-content\/uploads\/2024\/05\/mini-2-rucni-3D-skener.webp&#8220; title_text=&#8220;mini 2 rucni 3D skener&#8220; disabled_on=&#8220;off|off|off&#8220; _builder_version=&#8220;4.25.1&#8243; _module_preset=&#8220;default&#8220; background_image=&#8220;http:\/\/www.revopoint.cz\/wp-content\/uploads\/2024\/05\/Specs-2-1.png&#8220; background_size=&#8220;contain&#8220; custom_margin=&#8220;||-2px|||&#8220; custom_padding=&#8220;||14px|||&#8220; hover_enabled=&#8220;0&#8243; custom_css_main_element=&#8220;background-size: 200%;||transition: all 0.3s ease;&#8220; global_colors_info=&#8220;{}&#8220; custom_css_main_element__hover_enabled=&#8220;on|hover&#8220; custom_css_main_element__hover=&#8220;background-size: 210%;||&#8220; src__hover_enabled=&#8220;off|hover&#8220; transform_styles__hover_enabled=&#8220;on|hover&#8220; transform_scale__hover_enabled=&#8220;on|hover&#8220; transform_translate__hover_enabled=&#8220;on|hover&#8220; transform_rotate__hover_enabled=&#8220;on|hover&#8220; transform_skew__hover_enabled=&#8220;on|hover&#8220; transform_origin__hover_enabled=&#8220;on|hover&#8220; transform_scale__hover=&#8220;105%|105%&#8220; url=&#8220;@ET-DC@eyJkeW5hbWljIjp0cnVlLCJjb250ZW50IjoicG9zdF9saW5rX3VybF9wYWdlIiwic2V0dGluZ3MiOnsicG9zdF9pZCI6IjI1NyJ9fQ==@&#8220; _dynamic_attributes=&#8220;url&#8220; sticky_enabled=&#8220;0&#8243;][\/et_pb_image][et_pb_text _builder_version=&#8220;4.25.1&#8243; _module_preset=&#8220;_initial&#8220; header_text_color=&#8220;#242424&#8243; header_font_size=&#8220;24px&#8220; header_3_line_height=&#8220;1.3em&#8220; hover_enabled=&#8220;0&#8243; header_font_size_tablet=&#8220;24px&#8220; header_font_size_phone=&#8220;18px&#8220; header_font_size_last_edited=&#8220;on|phone&#8220; global_colors_info=&#8220;{}&#8220; link_option_url=&#8220;@ET-DC@eyJkeW5hbWljIjp0cnVlLCJjb250ZW50IjoicG9zdF9saW5rX3VybF9wYWdlIiwic2V0dGluZ3MiOnsicG9zdF9pZCI6IjI1NyJ9fQ==@&#8220; _dynamic_attributes=&#8220;link_option_url&#8220; sticky_enabled=&#8220;0&#8243;]<\/p>\n<h1 style=\"text-align: center;\">MINI 2 ru\u010dn\u00ed 3D skener<\/h1>\n<p>[\/et_pb_text][\/et_pb_column][\/et_pb_row][et_pb_row column_structure=&#8220;1_3,1_3,1_3&#8243; _builder_version=&#8220;4.19.2&#8243; _module_preset=&#8220;_initial&#8220; width_tablet=&#8220;90%&#8220; width_phone=&#8220;90%&#8220; custom_padding=&#8220;0px||||false|false&#8220; global_colors_info=&#8220;{}&#8220;][et_pb_column type=&#8220;1_3&#8243; _builder_version=&#8220;4.16&#8243; _module_preset=&#8220;default&#8220; global_colors_info=&#8220;{}&#8220;][et_pb_image src=&#8220;http:\/\/www.revopoint.cz\/wp-content\/uploads\/2024\/05\/RANGE-2.webp&#8220; title_text=&#8220;RANGE 2&#8243; disabled_on=&#8220;off|off|off&#8220; _builder_version=&#8220;4.25.1&#8243; _module_preset=&#8220;default&#8220; background_image=&#8220;http:\/\/www.revopoint.cz\/wp-content\/uploads\/2024\/05\/Specs-2-1.png&#8220; background_size=&#8220;contain&#8220; custom_margin=&#8220;||-2px|||&#8220; custom_padding=&#8220;||14px|||&#8220; custom_css_main_element=&#8220;background-size: 200%;||transition: all 0.3s ease;&#8220; global_colors_info=&#8220;{}&#8220; custom_css_main_element__hover_enabled=&#8220;on|hover&#8220; custom_css_main_element__hover=&#8220;background-size: 210%;||&#8220; src__hover_enabled=&#8220;off|hover&#8220; transform_styles__hover_enabled=&#8220;on|hover&#8220; transform_scale__hover_enabled=&#8220;on|hover&#8220; transform_translate__hover_enabled=&#8220;on|hover&#8220; transform_rotate__hover_enabled=&#8220;on|hover&#8220; transform_skew__hover_enabled=&#8220;on|hover&#8220; transform_origin__hover_enabled=&#8220;on|hover&#8220; transform_scale__hover=&#8220;105%|105%&#8220;][\/et_pb_image][et_pb_text _builder_version=&#8220;4.25.1&#8243; _module_preset=&#8220;_initial&#8220; header_text_color=&#8220;#242424&#8243; header_font_size=&#8220;24px&#8220; header_3_line_height=&#8220;1.3em&#8220; header_font_size_tablet=&#8220;24px&#8220; header_font_size_phone=&#8220;18px&#8220; header_font_size_last_edited=&#8220;on|phone&#8220; global_colors_info=&#8220;{}&#8220;]<\/p>\n<h1 style=\"text-align: center;\">Range 2 ru\u010dn\u00ed 3D skener<\/h1>\n<h1 style=\"text-align: center;\"><\/h1>\n<p>[\/et_pb_text][\/et_pb_column][et_pb_column type=&#8220;1_3&#8243; _builder_version=&#8220;4.16&#8243; _module_preset=&#8220;default&#8220; global_colors_info=&#8220;{}&#8220;][et_pb_image src=&#8220;http:\/\/www.revopoint.cz\/wp-content\/uploads\/2024\/05\/INSPIRE-2.webp&#8220; title_text=&#8220;INSPIRE 2&#8243; disabled_on=&#8220;off|off|off&#8220; _builder_version=&#8220;4.25.1&#8243; _module_preset=&#8220;default&#8220; background_image=&#8220;http:\/\/www.revopoint.cz\/wp-content\/uploads\/2024\/05\/Specs-2-1.png&#8220; background_size=&#8220;contain&#8220; custom_margin=&#8220;||-2px|||&#8220; custom_padding=&#8220;||14px|||&#8220; custom_css_main_element=&#8220;background-size: 200%;||transition: all 0.3s ease;&#8220; global_colors_info=&#8220;{}&#8220; custom_css_main_element__hover_enabled=&#8220;on|hover&#8220; custom_css_main_element__hover=&#8220;background-size: 210%;||&#8220; src__hover_enabled=&#8220;off|hover&#8220; transform_styles__hover_enabled=&#8220;on|hover&#8220; transform_scale__hover_enabled=&#8220;on|hover&#8220; transform_translate__hover_enabled=&#8220;on|hover&#8220; transform_rotate__hover_enabled=&#8220;on|hover&#8220; transform_skew__hover_enabled=&#8220;on|hover&#8220; transform_origin__hover_enabled=&#8220;on|hover&#8220; transform_scale__hover=&#8220;105%|105%&#8220;][\/et_pb_image][et_pb_text _builder_version=&#8220;4.25.1&#8243; _module_preset=&#8220;_initial&#8220; header_text_color=&#8220;#242424&#8243; header_font_size=&#8220;24px&#8220; header_3_line_height=&#8220;1.3em&#8220; header_font_size_tablet=&#8220;24px&#8220; header_font_size_phone=&#8220;18px&#8220; header_font_size_last_edited=&#8220;on|phone&#8220; global_colors_info=&#8220;{}&#8220;]<\/p>\n<h1 style=\"text-align: center;\">Inspire 2 ru\u010dn\u00ed 3D skener<\/h1>\n<p>[\/et_pb_text][\/et_pb_column][et_pb_column type=&#8220;1_3&#8243; _builder_version=&#8220;4.18.0&#8243; _module_preset=&#8220;default&#8220; global_colors_info=&#8220;{}&#8220;][\/et_pb_column][\/et_pb_row][\/et_pb_section]<\/p>\n","protected":false},"excerpt":{"rendered":"<p>3D Skenery pro ka\u017edou situaci MIRACO\/MIRACO PRO 3D SkenerPOP 3 ru\u010dn\u00ed 3D skenerMINI 2 ru\u010dn\u00ed 3D skenerRange 2 ru\u010dn\u00ed 3D skener Inspire 2 ru\u010dn\u00ed 3D skener<\/p>\n","protected":false},"author":2,"featured_media":0,"parent":0,"menu_order":0,"comment_status":"closed","ping_status":"closed","template":"","meta":{"_et_pb_use_builder":"on","_et_pb_old_content":"<!-- wp:paragraph -->\n<p>This is an example page. It's different from a blog post because it will stay in one place and will show up in your site navigation (in most themes). Most people start with an About page that introduces them to potential site visitors. It might say something like this:<\/p>\n<!-- \/wp:paragraph -->\n\n<!-- wp:quote -->\n<blockquote class=\"wp-block-quote\"><p>Hi there! I'm a bike messenger by day, aspiring actor by night, and this is my website. I live in Los Angeles, have a great dog named Jack, and I like pi&#241;a coladas. (And gettin' caught in the rain.)<\/p><\/blockquote>\n<!-- \/wp:quote -->\n\n<!-- wp:paragraph -->\n<p>...or something like this:<\/p>\n<!-- \/wp:paragraph -->\n\n<!-- wp:quote -->\n<blockquote class=\"wp-block-quote\"><p>The XYZ Doohickey Company was founded in 1971, and has been providing quality doohickeys to the public ever since. Located in Gotham City, XYZ employs over 2,000 people and does all kinds of awesome things for the Gotham community.<\/p><\/blockquote>\n<!-- \/wp:quote -->\n\n<!-- wp:paragraph -->\n<p>As a new WordPress user, you should go to <a href=\"http:\/\/localhost\/wordpress\/wp-admin\/\">your dashboard<\/a> to delete this page and create new pages for your content. Have fun!<\/p>\n<!-- \/wp:paragraph -->","_et_gb_content_width":"","footnotes":""},"_links":{"self":[{"href":"https:\/\/www.revopoint.cz\/index.php?rest_route=\/wp\/v2\/pages\/2"}],"collection":[{"href":"https:\/\/www.revopoint.cz\/index.php?rest_route=\/wp\/v2\/pages"}],"about":[{"href":"https:\/\/www.revopoint.cz\/index.php?rest_route=\/wp\/v2\/types\/page"}],"author":[{"embeddable":true,"href":"https:\/\/www.revopoint.cz\/index.php?rest_route=\/wp\/v2\/users\/2"}],"replies":[{"embeddable":true,"href":"https:\/\/www.revopoint.cz\/index.php?rest_route=%2Fwp%2Fv2%2Fcomments&post=2"}],"version-history":[{"count":13,"href":"https:\/\/www.revopoint.cz\/index.php?rest_route=\/wp\/v2\/pages\/2\/revisions"}],"predecessor-version":[{"id":299,"href":"https:\/\/www.revopoint.cz\/index.php?rest_route=\/wp\/v2\/pages\/2\/revisions\/299"}],"wp:attachment":[{"href":"https:\/\/www.revopoint.cz\/index.php?rest_route=%2Fwp%2Fv2%2Fmedia&parent=2"}],"curies":[{"name":"wp","href":"https:\/\/api.w.org\/{rel}","templated":true}]}}